{"id":30732,"date":"2022-05-08T23:15:40","date_gmt":"2022-05-08T20:15:40","guid":{"rendered":"https:\/\/medisahaircenter.com\/sac-mezoterapisi\/"},"modified":"2025-11-09T21:54:09","modified_gmt":"2025-11-09T18:54:09","slug":"hair-mesotherapy","status":"publish","type":"page","link":"https:\/\/medisahaircenter.com\/de\/hair-mesotherapy\/","title":{"rendered":"Hair Mesotherapy"},"content":{"rendered":"\t\t<div data-elementor-type=\"wp-page\" data-elementor-id=\"30732\" class=\"elementor elementor-30732\">\n\t\t\t\t\t\t<section class=\"elementor-section elementor-top-section elementor-element elementor-element-657f7f2b elementor-section-boxed elementor-section-height-default elementor-section-height-default\" data-id=\"657f7f2b\" data-element_type=\"section\">\n\t\t\t\t\t\t<div class=\"elementor-container elementor-column-gap-default\">\n\t\t\t\t\t<div class=\"elementor-column elementor-col-50 elementor-top-column elementor-element elementor-element-5090f61e\" data-id=\"5090f61e\" data-element_type=\"column\">\n\t\t\t<div class=\"elementor-widget-wrap elementor-element-populated\">\n\t\t\t\t\t\t<div class=\"elementor-element elementor-element-116d1dfa elementor-widget elementor-widget-image\" data-id=\"116d1dfa\" data-element_type=\"widget\" data-widget_type=\"image.default\">\n\t\t\t\t<div class=\"elementor-widget-container\">\n\t\t\t<style>\/*! elementor - v3.20.0 - 13-03-2024 *\/\n.elementor-widget-image{text-align:center}.elementor-widget-image a{display:inline-block}.elementor-widget-image a img[src$=\".svg\"]{width:48px}.elementor-widget-image img{vertical-align:middle;display:inline-block}<\/style>\t\t\t\t\t\t\t\t\t\t<img fetchpriority=\"high\" decoding=\"async\" width=\"800\" height=\"533\" src=\"https:\/\/medisahaircenter.com\/wp-content\/uploads\/2022\/05\/prp-tedavisi.jpg\" class=\"attachment-full size-full wp-image-27986\" alt=\"\" srcset=\"https:\/\/medisahaircenter.com\/wp-content\/uploads\/2022\/05\/prp-tedavisi.jpg 800w, https:\/\/medisahaircenter.com\/wp-content\/uploads\/2022\/05\/prp-tedavisi-300x200.jpg 300w, https:\/\/medisahaircenter.com\/wp-content\/uploads\/2022\/05\/prp-tedavisi-768x512.jpg 768w, https:\/\/medisahaircenter.com\/wp-content\/uploads\/2022\/05\/prp-tedavisi-365x243.jpg 365w\" sizes=\"(max-width: 800px) 100vw, 800px\" \/>\t\t\t\t\t\t\t\t\t\t\t\t\t<\/div>\n\t\t\t\t<\/div>\n\t\t\t\t<div class=\"elementor-element elementor-element-6d9fe5ce elementor-widget elementor-widget-heading\" data-id=\"6d9fe5ce\" data-element_type=\"widget\" data-widget_type=\"heading.default\">\n\t\t\t\t<div class=\"elementor-widget-container\">\n\t\t\t<style>\/*! elementor - v3.20.0 - 13-03-2024 *\/\n.elementor-heading-title{padding:0;margin:0;line-height:1}.elementor-widget-heading .elementor-heading-title[class*=elementor-size-]>a{color:inherit;font-size:inherit;line-height:inherit}.elementor-widget-heading .elementor-heading-title.elementor-size-small{font-size:15px}.elementor-widget-heading .elementor-heading-title.elementor-size-medium{font-size:19px}.elementor-widget-heading .elementor-heading-title.elementor-size-large{font-size:29px}.elementor-widget-heading .elementor-heading-title.elementor-size-xl{font-size:39px}.elementor-widget-heading .elementor-heading-title.elementor-size-xxl{font-size:59px}<\/style><h2 class=\"elementor-heading-title elementor-size-default\">HAAR-MESOTHERAPIE<\/h2>\t\t<\/div>\n\t\t\t\t<\/div>\n\t\t\t\t<div class=\"elementor-element elementor-element-2bab733c elementor-widget elementor-widget-text-editor\" data-id=\"2bab733c\" data-element_type=\"widget\" data-widget_type=\"text-editor.default\">\n\t\t\t\t<div class=\"elementor-widget-container\">\n\t\t\t<style>\/*! elementor - v3.20.0 - 13-03-2024 *\/\n.elementor-widget-text-editor.elementor-drop-cap-view-stacked .elementor-drop-cap{background-color:#69727d;color:#fff}.elementor-widget-text-editor.elementor-drop-cap-view-framed .elementor-drop-cap{color:#69727d;border:3px solid;background-color:transparent}.elementor-widget-text-editor:not(.elementor-drop-cap-view-default) .elementor-drop-cap{margin-top:8px}.elementor-widget-text-editor:not(.elementor-drop-cap-view-default) .elementor-drop-cap-letter{width:1em;height:1em}.elementor-widget-text-editor .elementor-drop-cap{float:left;text-align:center;line-height:1;font-size:50px}.elementor-widget-text-editor .elementor-drop-cap-letter{display:inline-block}<\/style>\t\t\t\t<p>Haarmesotherapie ist die Injektion von Mineralien, Vitaminen und Medikamenten, die die Blutzirkulation beschleunigen und unterst\u00fctzen, die die Haarfollikel in minimalen Dosen in den Bereich mit Haarausfall ben\u00f6tigen. Diese Methode ist die effektivste Methode, die die Dichte der Haarfollikel erh\u00f6ht und unterst\u00fctzt. Die Mesotherapie stoppt den Haarausfall, indem sie den Zellstoffwechsel im injizierten Bereich stimuliert. Die Mesotherapie ist ein Verfahren, das etwa 15 Minuten dauert und von einem plastischen Chirurgen durchgef\u00fchrt wird. Es gibt sehr wenig Schmerzen w\u00e4hrend des Eingriffs. 6 Sitzungen werden einmal pro Woche angewendet. Am Ende von 6 Sitzungen werden 2 weitere Sitzungen im Abstand von 2 Wochen durchgef\u00fchrt und der Prozess ist abgeschlossen. Ab Beginn der Sitzungen beginnt die Mesotherapie, ihre Wirkung zu zeigen. Die Mesotherapie ist das wirksamste Medikament, das die Haarfollikel n\u00e4hrt, ihre Dichte erh\u00f6ht und den Haarausfall stoppt.<\/p>\t\t\t\t\t\t<\/div>\n\t\t\t\t<\/div>\n\t\t\t\t\t<\/div>\n\t\t<\/div>\n\t\t\t\t<div class=\"elementor-column elementor-col-50 elementor-top-column elementor-element elementor-element-263453d5 bs-sidebar dynamic-sidebar\" data-id=\"263453d5\" data-element_type=\"column\">\n\t\t\t<div class=\"elementor-widget-wrap elementor-element-populated\">\n\t\t\t\t\t\t<section class=\"elementor-section elementor-inner-section elementor-element elementor-element-c0ae838 elementor-section-boxed elementor-section-height-default elementor-section-height-default\" data-id=\"c0ae838\" data-element_type=\"section\">\n\t\t\t\t\t\t<div class=\"elementor-container elementor-column-gap-default\">\n\t\t\t\t\t<div class=\"elementor-column elementor-col-100 elementor-inner-column elementor-element elementor-element-089f29d\" data-id=\"089f29d\" data-element_type=\"column\" data-settings=\"{&quot;background_background&quot;:&quot;classic&quot;}\">\n\t\t\t<div class=\"elementor-widget-wrap elementor-element-populated\">\n\t\t\t\t\t\t<div class=\"elementor-element elementor-element-7df8036 phones elementor-widget elementor-widget-rs-contact-box\" data-id=\"7df8036\" data-element_type=\"widget\" data-widget_type=\"rs-contact-box.default\">\n\t\t\t\t<div class=\"elementor-widget-container\">\n\t\t\t\t\t\r\n\r\n\t\t<!-- Style 1 Start -->\r\n\t\t<div class=\"rs-contact-box\">\r\n\r\n\t\t\t\t\t\t<div class=\"address-item vertical boxstyle1\">\r\n\r\n\t\t\t\t\t\t\t            <div class=\"address-icon\">\r\n\t\t            \t\t\t            \t\t<i class=\"fa fa-phone\"><\/i>\r\n\t\t            \t\t\t            <\/div>\r\n\t\t            \r\n\t\t            <div class=\"address-text\">\r\n\t\t            \t\r\n\r\n\t\t            \t\r\n\r\n\t\t            \t\t\t            <\/div>\r\n\t\t        <\/div>\r\n\t\t\t\t\t<\/div>\r\n\r\n\t<!-- Style 1 End -->\t\r\n\t\t\r\n\t\t\t<\/div>\n\t\t\t\t<\/div>\n\t\t\t\t<div class=\"elementor-element elementor-element-cca30d7 elementor-widget elementor-widget-heading\" data-id=\"cca30d7\" data-element_type=\"widget\" data-widget_type=\"heading.default\">\n\t\t\t\t<div class=\"elementor-widget-container\">\n\t\t\t<h3 class=\"elementor-heading-title elementor-size-default\">Kontaktieren Sie unsere Gesundheitsexperten.<\/h3>\t\t<\/div>\n\t\t\t\t<\/div>\n\t\t\t\t<div class=\"elementor-element elementor-element-d56ec6c elementor-widget elementor-widget-rs-heading\" data-id=\"d56ec6c\" data-element_type=\"widget\" data-widget_type=\"rs-heading.default\">\n\t\t\t\t<div class=\"elementor-widget-container\">\n\t\t\t\n        <div class=\"prelements-heading style4 animate- center\">\n        \t<div class=\"title-inner\"> \n\t        \t       \t\t      \t\t\n\t            <h4 class=\"title\"><span class=\"watermark\"><\/span>+90547 295 55 55<\/h4>\t\t\t\t\n\t\t\t\t\t        <\/div>\n\t                <\/div>\n        \t\t<\/div>\n\t\t\t\t<\/div>\n\t\t\t\t\t<\/div>\n\t\t<\/div>\n\t\t\t\t\t<\/div>\n\t\t<\/section>\n\t\t\t\t<section class=\"elementor-section elementor-inner-section elementor-element elementor-element-7d2d8be elementor-section-boxed elementor-section-height-default elementor-section-height-default\" data-id=\"7d2d8be\" data-element_type=\"section\" data-settings=\"{&quot;background_background&quot;:&quot;classic&quot;}\">\n\t\t\t\t\t\t<div class=\"elementor-container elementor-column-gap-default\">\n\t\t\t\t\t<div class=\"elementor-column elementor-col-100 elementor-inner-column elementor-element elementor-element-d14589e\" data-id=\"d14589e\" data-element_type=\"column\">\n\t\t\t<div class=\"elementor-widget-wrap elementor-element-populated\">\n\t\t\t\t\t\t<div class=\"elementor-element elementor-element-b59e7c3 elementor-widget elementor-widget-rs-heading\" data-id=\"b59e7c3\" data-element_type=\"widget\" data-widget_type=\"rs-heading.default\">\n\t\t\t\t<div class=\"elementor-widget-container\">\n\t\t\t\n        <div class=\"prelements-heading style2 animate- \">\n        \t<div class=\"title-inner\"> \n\t        \t       \t\t      \t\t\n\t            <h3 class=\"title\"><span class=\"watermark\"><\/span>Brosch\u00fcre herunterladen<\/h3>\t\t\t\t\n\t\t\t\t\t        <\/div>\n\t                <\/div>\n        \t\t<\/div>\n\t\t\t\t<\/div>\n\t\t\t\t<div class=\"elementor-element elementor-element-01f89ec elementor-widget elementor-widget-text-editor\" data-id=\"01f89ec\" data-element_type=\"widget\" data-widget_type=\"text-editor.default\">\n\t\t\t\t<div class=\"elementor-widget-container\">\n\t\t\t\t\t\t\t<p>Um detaillierte Informationen \u00fcber unsere Gesundheitsdienste zu erhalten, k\u00f6nnen Sie das kostenlose Formular zur Haaranalyse ausf\u00fcllen. Wenn Sie weitere Fragen haben, k\u00f6nnen Sie uns jederzeit anrufen.<\/p>\t\t\t\t\t\t<\/div>\n\t\t\t\t<\/div>\n\t\t\t\t<div class=\"elementor-element elementor-element-db74a8d elementor-widget elementor-widget-rs-dual-button\" data-id=\"db74a8d\" data-element_type=\"widget\" data-widget_type=\"rs-dual-button.default\">\n\t\t\t\t<div class=\"elementor-widget-container\">\n\t\t\t        <div class=\"rselement-dual-btn-wrapper\">\n            <a class=\"rselement-dual-btn rselement-dual-btn--left\" href=\"#\">\n                                                    <span >Download<\/span>\n                                            <\/a>\n                            <span class=\"rselement-dual-btn-connector rselement-dual-btn-connector--text\">\n                    oder                <\/span>\n                    <\/div>\n        <div class=\"rselement-dual-btn-wrapper\">\n            <a class=\"rselement-dual-btn rselement-dual-btn--right\" href=\"https:\/\/medisahaircenter.com\/de\/contact\/\">\n                                                    <span >Kontakt<\/span>\n                                            <\/a>\n        <\/div>\n        \t\t<\/div>\n\t\t\t\t<\/div>\n\t\t\t\t\t<\/div>\n\t\t<\/div>\n\t\t\t\t\t<\/div>\n\t\t<\/section>\n\t\t\t\t\t<\/div>\n\t\t<\/div>\n\t\t\t\t\t<\/div>\n\t\t<\/section>\n\t\t\t\t<\/div>\n\t\t","protected":false},"excerpt":{"rendered":"<p>HAAR-MESOTHERAPIE Haarmesotherapie ist die Injektion von Mineralien, Vitaminen und Medikamenten, die die Blutzirkulation beschleunigen und unterst\u00fctzen, die die Haarfollikel in minimalen Dosen in den Bereich mit Haarausfall ben\u00f6tigen. Diese Methode ist die effektivste Methode, die die Dichte der Haarfollikel erh\u00f6ht und unterst\u00fctzt. Die Mesotherapie stoppt den Haarausfall, indem sie den Zellstoffwechsel im injizierten Bereich stimuliert&#8230;.<\/p>\n","protected":false},"author":1,"featured_media":0,"parent":0,"menu_order":0,"comment_status":"closed","ping_status":"closed","template":"","meta":{"inline_featured_image":false,"footnotes":""},"class_list":["post-30732","page","type-page","status-publish","hentry"],"yoast_head":"<!-- This site is optimized with the Yoast SEO plugin v19.8 - https:\/\/yoast.com\/wordpress\/plugins\/seo\/ -->\n<title>Hair Mesotherapy - Medisa Hair Center<\/title>\n<meta name=\"robots\" content=\"index, follow, max-snippet:-1, max-image-preview:large, max-video-preview:-1\" \/>\n<link rel=\"canonical\" href=\"https:\/\/medisahaircenter.com\/de\/hair-mesotherapy\/\" \/>\n<meta property=\"og:locale\" content=\"de_DE\" \/>\n<meta property=\"og:type\" content=\"article\" \/>\n<meta property=\"og:title\" content=\"Hair Mesotherapy - Medisa Hair Center\" \/>\n<meta property=\"og:description\" content=\"HAAR-MESOTHERAPIE Haarmesotherapie ist die Injektion von Mineralien, Vitaminen und Medikamenten, die die Blutzirkulation beschleunigen und unterst\u00fctzen, die die Haarfollikel in minimalen Dosen in den Bereich mit Haarausfall ben\u00f6tigen. Diese Methode ist die effektivste Methode, die die Dichte der Haarfollikel erh\u00f6ht und unterst\u00fctzt. Die Mesotherapie stoppt den Haarausfall, indem sie den Zellstoffwechsel im injizierten Bereich stimuliert....\" \/>\n<meta property=\"og:url\" content=\"https:\/\/medisahaircenter.com\/de\/hair-mesotherapy\/\" \/>\n<meta property=\"og:site_name\" content=\"Medisa Hair Center\" \/>\n<meta property=\"article:publisher\" content=\"https:\/\/facebook.com\/medisahaircenter\/\" \/>\n<meta property=\"article:modified_time\" content=\"2025-11-09T18:54:09+00:00\" \/>\n<meta property=\"og:image\" content=\"https:\/\/medisahaircenter.com\/wp-content\/uploads\/2022\/05\/prp-tedavisi.jpg\" \/>\n<meta name=\"twitter:card\" content=\"summary_large_image\" \/>\n<meta name=\"twitter:label1\" content=\"Gesch\u00e4tzte Lesezeit\" \/>\n\t<meta name=\"twitter:data1\" content=\"2\u00a0Minuten\" \/>\n<script type=\"application\/ld+json\" class=\"yoast-schema-graph\">{\"@context\":\"https:\/\/schema.org\",\"@graph\":[{\"@type\":\"WebPage\",\"@id\":\"https:\/\/medisahaircenter.com\/de\/hair-mesotherapy\/\",\"url\":\"https:\/\/medisahaircenter.com\/de\/hair-mesotherapy\/\",\"name\":\"Hair Mesotherapy - Medisa Hair Center\",\"isPartOf\":{\"@id\":\"https:\/\/medisahaircenter.com\/de\/#website\"},\"datePublished\":\"2022-05-08T20:15:40+00:00\",\"dateModified\":\"2025-11-09T18:54:09+00:00\",\"breadcrumb\":{\"@id\":\"https:\/\/medisahaircenter.com\/de\/hair-mesotherapy\/#breadcrumb\"},\"inLanguage\":\"de\",\"potentialAction\":[{\"@type\":\"ReadAction\",\"target\":[\"https:\/\/medisahaircenter.com\/de\/hair-mesotherapy\/\"]}]},{\"@type\":\"BreadcrumbList\",\"@id\":\"https:\/\/medisahaircenter.com\/de\/hair-mesotherapy\/#breadcrumb\",\"itemListElement\":[{\"@type\":\"ListItem\",\"position\":1,\"name\":\"Anasayfa\",\"item\":\"https:\/\/medisahaircenter.com\/de\/\"},{\"@type\":\"ListItem\",\"position\":2,\"name\":\"Hair Mesotherapy\"}]},{\"@type\":\"WebSite\",\"@id\":\"https:\/\/medisahaircenter.com\/de\/#website\",\"url\":\"https:\/\/medisahaircenter.com\/de\/\",\"name\":\"Medisa Hair Center\",\"description\":\"\",\"publisher\":{\"@id\":\"https:\/\/medisahaircenter.com\/de\/#organization\"},\"potentialAction\":[{\"@type\":\"SearchAction\",\"target\":{\"@type\":\"EntryPoint\",\"urlTemplate\":\"https:\/\/medisahaircenter.com\/de\/?s={search_term_string}\"},\"query-input\":\"required name=search_term_string\"}],\"inLanguage\":\"de\"},{\"@type\":\"Organization\",\"@id\":\"https:\/\/medisahaircenter.com\/de\/#organization\",\"name\":\"Medisa Hair Center\",\"url\":\"https:\/\/medisahaircenter.com\/de\/\",\"sameAs\":[\"https:\/\/www.instagram.com\/medisahaircenter\/\",\"https:\/\/facebook.com\/medisahaircenter\/\"],\"logo\":{\"@type\":\"ImageObject\",\"inLanguage\":\"de\",\"@id\":\"https:\/\/medisahaircenter.com\/de\/#\/schema\/logo\/image\/\",\"url\":\"https:\/\/medisahaircenter.com\/wp-content\/uploads\/2022\/05\/logo.png\",\"contentUrl\":\"https:\/\/medisahaircenter.com\/wp-content\/uploads\/2022\/05\/logo.png\",\"width\":419,\"height\":225,\"caption\":\"Medisa Hair Center\"},\"image\":{\"@id\":\"https:\/\/medisahaircenter.com\/de\/#\/schema\/logo\/image\/\"}}]}<\/script>\n<!-- \/ Yoast SEO plugin. -->","yoast_head_json":{"title":"Hair Mesotherapy - Medisa Hair Center","robots":{"index":"index","follow":"follow","max-snippet":"max-snippet:-1","max-image-preview":"max-image-preview:large","max-video-preview":"max-video-preview:-1"},"canonical":"https:\/\/medisahaircenter.com\/de\/hair-mesotherapy\/","og_locale":"de_DE","og_type":"article","og_title":"Hair Mesotherapy - Medisa Hair Center","og_description":"HAAR-MESOTHERAPIE Haarmesotherapie ist die Injektion von Mineralien, Vitaminen und Medikamenten, die die Blutzirkulation beschleunigen und unterst\u00fctzen, die die Haarfollikel in minimalen Dosen in den Bereich mit Haarausfall ben\u00f6tigen. Diese Methode ist die effektivste Methode, die die Dichte der Haarfollikel erh\u00f6ht und unterst\u00fctzt. Die Mesotherapie stoppt den Haarausfall, indem sie den Zellstoffwechsel im injizierten Bereich stimuliert....","og_url":"https:\/\/medisahaircenter.com\/de\/hair-mesotherapy\/","og_site_name":"Medisa Hair Center","article_publisher":"https:\/\/facebook.com\/medisahaircenter\/","article_modified_time":"2025-11-09T18:54:09+00:00","og_image":[{"url":"https:\/\/medisahaircenter.com\/wp-content\/uploads\/2022\/05\/prp-tedavisi.jpg"}],"twitter_card":"summary_large_image","twitter_misc":{"Gesch\u00e4tzte Lesezeit":"2\u00a0Minuten"},"schema":{"@context":"https:\/\/schema.org","@graph":[{"@type":"WebPage","@id":"https:\/\/medisahaircenter.com\/de\/hair-mesotherapy\/","url":"https:\/\/medisahaircenter.com\/de\/hair-mesotherapy\/","name":"Hair Mesotherapy - Medisa Hair Center","isPartOf":{"@id":"https:\/\/medisahaircenter.com\/de\/#website"},"datePublished":"2022-05-08T20:15:40+00:00","dateModified":"2025-11-09T18:54:09+00:00","breadcrumb":{"@id":"https:\/\/medisahaircenter.com\/de\/hair-mesotherapy\/#breadcrumb"},"inLanguage":"de","potentialAction":[{"@type":"ReadAction","target":["https:\/\/medisahaircenter.com\/de\/hair-mesotherapy\/"]}]},{"@type":"BreadcrumbList","@id":"https:\/\/medisahaircenter.com\/de\/hair-mesotherapy\/#breadcrumb","itemListElement":[{"@type":"ListItem","position":1,"name":"Anasayfa","item":"https:\/\/medisahaircenter.com\/de\/"},{"@type":"ListItem","position":2,"name":"Hair Mesotherapy"}]},{"@type":"WebSite","@id":"https:\/\/medisahaircenter.com\/de\/#website","url":"https:\/\/medisahaircenter.com\/de\/","name":"Medisa Hair Center","description":"","publisher":{"@id":"https:\/\/medisahaircenter.com\/de\/#organization"},"potentialAction":[{"@type":"SearchAction","target":{"@type":"EntryPoint","urlTemplate":"https:\/\/medisahaircenter.com\/de\/?s={search_term_string}"},"query-input":"required name=search_term_string"}],"inLanguage":"de"},{"@type":"Organization","@id":"https:\/\/medisahaircenter.com\/de\/#organization","name":"Medisa Hair Center","url":"https:\/\/medisahaircenter.com\/de\/","sameAs":["https:\/\/www.instagram.com\/medisahaircenter\/","https:\/\/facebook.com\/medisahaircenter\/"],"logo":{"@type":"ImageObject","inLanguage":"de","@id":"https:\/\/medisahaircenter.com\/de\/#\/schema\/logo\/image\/","url":"https:\/\/medisahaircenter.com\/wp-content\/uploads\/2022\/05\/logo.png","contentUrl":"https:\/\/medisahaircenter.com\/wp-content\/uploads\/2022\/05\/logo.png","width":419,"height":225,"caption":"Medisa Hair Center"},"image":{"@id":"https:\/\/medisahaircenter.com\/de\/#\/schema\/logo\/image\/"}}]}},"_links":{"self":[{"href":"https:\/\/medisahaircenter.com\/de\/wp-json\/wp\/v2\/pages\/30732","targetHints":{"allow":["GET"]}}],"collection":[{"href":"https:\/\/medisahaircenter.com\/de\/wp-json\/wp\/v2\/pages"}],"about":[{"href":"https:\/\/medisahaircenter.com\/de\/wp-json\/wp\/v2\/types\/page"}],"author":[{"embeddable":true,"href":"https:\/\/medisahaircenter.com\/de\/wp-json\/wp\/v2\/users\/1"}],"replies":[{"embeddable":true,"href":"https:\/\/medisahaircenter.com\/de\/wp-json\/wp\/v2\/comments?post=30732"}],"version-history":[{"count":10,"href":"https:\/\/medisahaircenter.com\/de\/wp-json\/wp\/v2\/pages\/30732\/revisions"}],"predecessor-version":[{"id":32837,"href":"https:\/\/medisahaircenter.com\/de\/wp-json\/wp\/v2\/pages\/30732\/revisions\/32837"}],"wp:attachment":[{"href":"https:\/\/medisahaircenter.com\/de\/wp-json\/wp\/v2\/media?parent=30732"}],"curies":[{"name":"wp","href":"https:\/\/api.w.org\/{rel}","templated":true}]}}