{"id":30693,"date":"2022-05-08T23:03:00","date_gmt":"2022-05-08T20:03:00","guid":{"rendered":"https:\/\/medisahaircenter.com\/bilgisayarli-sac%cc%a7-analizi\/"},"modified":"2025-11-09T21:53:10","modified_gmt":"2025-11-09T18:53:10","slug":"computerized-hair-analysis","status":"publish","type":"page","link":"https:\/\/medisahaircenter.com\/de\/computerized-hair-analysis\/","title":{"rendered":"Computerized Hair Analysis"},"content":{"rendered":"\t\t<div data-elementor-type=\"wp-page\" data-elementor-id=\"30693\" class=\"elementor elementor-30693\">\n\t\t\t\t\t\t<section class=\"elementor-section elementor-top-section elementor-element elementor-element-9f41736 elementor-section-boxed elementor-section-height-default elementor-section-height-default\" data-id=\"9f41736\" data-element_type=\"section\">\n\t\t\t\t\t\t<div class=\"elementor-container elementor-column-gap-default\">\n\t\t\t\t\t<div class=\"elementor-column elementor-col-50 elementor-top-column elementor-element elementor-element-69c2b8c3\" data-id=\"69c2b8c3\" data-element_type=\"column\">\n\t\t\t<div class=\"elementor-widget-wrap elementor-element-populated\">\n\t\t\t\t\t\t<div class=\"elementor-element elementor-element-18e09b11 elementor-widget elementor-widget-image\" data-id=\"18e09b11\" data-element_type=\"widget\" data-widget_type=\"image.default\">\n\t\t\t\t<div class=\"elementor-widget-container\">\n\t\t\t<style>\/*! elementor - v3.20.0 - 13-03-2024 *\/\n.elementor-widget-image{text-align:center}.elementor-widget-image a{display:inline-block}.elementor-widget-image a img[src$=\".svg\"]{width:48px}.elementor-widget-image img{vertical-align:middle;display:inline-block}<\/style>\t\t\t\t\t\t\t\t\t\t<img fetchpriority=\"high\" decoding=\"async\" width=\"800\" height=\"533\" src=\"https:\/\/medisahaircenter.com\/wp-content\/uploads\/2022\/05\/bilgisayarli-sac-analizi.jpg\" class=\"attachment-full size-full wp-image-27974\" alt=\"\" srcset=\"https:\/\/medisahaircenter.com\/wp-content\/uploads\/2022\/05\/bilgisayarli-sac-analizi.jpg 800w, https:\/\/medisahaircenter.com\/wp-content\/uploads\/2022\/05\/bilgisayarli-sac-analizi-300x200.jpg 300w, https:\/\/medisahaircenter.com\/wp-content\/uploads\/2022\/05\/bilgisayarli-sac-analizi-768x512.jpg 768w, https:\/\/medisahaircenter.com\/wp-content\/uploads\/2022\/05\/bilgisayarli-sac-analizi-365x243.jpg 365w\" sizes=\"(max-width: 800px) 100vw, 800px\" \/>\t\t\t\t\t\t\t\t\t\t\t\t\t<\/div>\n\t\t\t\t<\/div>\n\t\t\t\t<div class=\"elementor-element elementor-element-205a0fa3 elementor-widget elementor-widget-heading\" data-id=\"205a0fa3\" data-element_type=\"widget\" data-widget_type=\"heading.default\">\n\t\t\t\t<div class=\"elementor-widget-container\">\n\t\t\t<style>\/*! elementor - v3.20.0 - 13-03-2024 *\/\n.elementor-heading-title{padding:0;margin:0;line-height:1}.elementor-widget-heading .elementor-heading-title[class*=elementor-size-]>a{color:inherit;font-size:inherit;line-height:inherit}.elementor-widget-heading .elementor-heading-title.elementor-size-small{font-size:15px}.elementor-widget-heading .elementor-heading-title.elementor-size-medium{font-size:19px}.elementor-widget-heading .elementor-heading-title.elementor-size-large{font-size:29px}.elementor-widget-heading .elementor-heading-title.elementor-size-xl{font-size:39px}.elementor-widget-heading .elementor-heading-title.elementor-size-xxl{font-size:59px}<\/style><h2 class=\"elementor-heading-title elementor-size-default\">Computer-Haaranalyse<\/h2>\t\t<\/div>\n\t\t\t\t<\/div>\n\t\t\t\t<div class=\"elementor-element elementor-element-1e05310b elementor-widget elementor-widget-text-editor\" data-id=\"1e05310b\" data-element_type=\"widget\" data-widget_type=\"text-editor.default\">\n\t\t\t\t<div class=\"elementor-widget-container\">\n\t\t\t<style>\/*! elementor - v3.20.0 - 13-03-2024 *\/\n.elementor-widget-text-editor.elementor-drop-cap-view-stacked .elementor-drop-cap{background-color:#69727d;color:#fff}.elementor-widget-text-editor.elementor-drop-cap-view-framed .elementor-drop-cap{color:#69727d;border:3px solid;background-color:transparent}.elementor-widget-text-editor:not(.elementor-drop-cap-view-default) .elementor-drop-cap{margin-top:8px}.elementor-widget-text-editor:not(.elementor-drop-cap-view-default) .elementor-drop-cap-letter{width:1em;height:1em}.elementor-widget-text-editor .elementor-drop-cap{float:left;text-align:center;line-height:1;font-size:50px}.elementor-widget-text-editor .elementor-drop-cap-letter{display:inline-block}<\/style>\t\t\t\t<p>Die computergest\u00fctzte Haaranalyse (Trichoscan) ist eine einfache, nicht-invasive und wiederholbare Methode zur Haarverfolgung. Mit computergest\u00fctzter Haaranalyse, kann die Art des Haarausfalls bestimmt werden. Der Grad des Haarausfalls kann gemessen werden. Der Grad des Haarausfalls kann gemessen und die Haardichte berechnet werden.<\/p>\t\t\t\t\t\t<\/div>\n\t\t\t\t<\/div>\n\t\t\t\t\t<\/div>\n\t\t<\/div>\n\t\t\t\t<div class=\"elementor-column elementor-col-50 elementor-top-column elementor-element elementor-element-59b35c7e bs-sidebar dynamic-sidebar\" data-id=\"59b35c7e\" data-element_type=\"column\">\n\t\t\t<div class=\"elementor-widget-wrap elementor-element-populated\">\n\t\t\t\t\t\t<section class=\"elementor-section elementor-inner-section elementor-element elementor-element-2ce2a15 elementor-section-boxed elementor-section-height-default elementor-section-height-default\" data-id=\"2ce2a15\" data-element_type=\"section\">\n\t\t\t\t\t\t<div class=\"elementor-container elementor-column-gap-default\">\n\t\t\t\t\t<div class=\"elementor-column elementor-col-100 elementor-inner-column elementor-element elementor-element-123d7940\" data-id=\"123d7940\" data-element_type=\"column\" data-settings=\"{&quot;background_background&quot;:&quot;classic&quot;}\">\n\t\t\t<div class=\"elementor-widget-wrap elementor-element-populated\">\n\t\t\t\t\t\t<div class=\"elementor-element elementor-element-40c2d6c phones elementor-widget elementor-widget-rs-contact-box\" data-id=\"40c2d6c\" data-element_type=\"widget\" data-widget_type=\"rs-contact-box.default\">\n\t\t\t\t<div class=\"elementor-widget-container\">\n\t\t\t\t\t\r\n\r\n\t\t<!-- Style 1 Start -->\r\n\t\t<div class=\"rs-contact-box\">\r\n\r\n\t\t\t\t\t\t<div class=\"address-item vertical boxstyle1\">\r\n\r\n\t\t\t\t\t\t\t            <div class=\"address-icon\">\r\n\t\t            \t\t\t            \t\t<i class=\"fa fa-phone\"><\/i>\r\n\t\t            \t\t\t            <\/div>\r\n\t\t            \r\n\t\t            <div class=\"address-text\">\r\n\t\t            \t\r\n\r\n\t\t            \t\r\n\r\n\t\t            \t\t\t            <\/div>\r\n\t\t        <\/div>\r\n\t\t\t\t\t<\/div>\r\n\r\n\t<!-- Style 1 End -->\t\r\n\t\t\r\n\t\t\t<\/div>\n\t\t\t\t<\/div>\n\t\t\t\t<div class=\"elementor-element elementor-element-19932d0a elementor-widget elementor-widget-heading\" data-id=\"19932d0a\" data-element_type=\"widget\" data-widget_type=\"heading.default\">\n\t\t\t\t<div class=\"elementor-widget-container\">\n\t\t\t<h3 class=\"elementor-heading-title elementor-size-default\">Kontaktieren Sie unsere Gesundheitsexperten.<\/h3>\t\t<\/div>\n\t\t\t\t<\/div>\n\t\t\t\t<div class=\"elementor-element elementor-element-612345 elementor-widget elementor-widget-rs-heading\" data-id=\"612345\" data-element_type=\"widget\" data-widget_type=\"rs-heading.default\">\n\t\t\t\t<div class=\"elementor-widget-container\">\n\t\t\t\n        <div class=\"prelements-heading style4 animate- center\">\n        \t<div class=\"title-inner\"> \n\t        \t       \t\t      \t\t\n\t            <h4 class=\"title\"><span class=\"watermark\"><\/span>+90547 295 55 55<\/h4>\t\t\t\t\n\t\t\t\t\t        <\/div>\n\t                <\/div>\n        \t\t<\/div>\n\t\t\t\t<\/div>\n\t\t\t\t\t<\/div>\n\t\t<\/div>\n\t\t\t\t\t<\/div>\n\t\t<\/section>\n\t\t\t\t<section class=\"elementor-section elementor-inner-section elementor-element elementor-element-6be38dcf elementor-section-boxed elementor-section-height-default elementor-section-height-default\" data-id=\"6be38dcf\" data-element_type=\"section\" data-settings=\"{&quot;background_background&quot;:&quot;classic&quot;}\">\n\t\t\t\t\t\t<div class=\"elementor-container elementor-column-gap-default\">\n\t\t\t\t\t<div class=\"elementor-column elementor-col-100 elementor-inner-column elementor-element elementor-element-61b9cced\" data-id=\"61b9cced\" data-element_type=\"column\">\n\t\t\t<div class=\"elementor-widget-wrap elementor-element-populated\">\n\t\t\t\t\t\t<div class=\"elementor-element elementor-element-2f49248a elementor-widget elementor-widget-rs-heading\" data-id=\"2f49248a\" data-element_type=\"widget\" data-widget_type=\"rs-heading.default\">\n\t\t\t\t<div class=\"elementor-widget-container\">\n\t\t\t\n        <div class=\"prelements-heading style2 animate- \">\n        \t<div class=\"title-inner\"> \n\t        \t       \t\t      \t\t\n\t            <h3 class=\"title\"><span class=\"watermark\"><\/span>Brosch\u00fcre herunterladen<\/h3>\t\t\t\t\n\t\t\t\t\t        <\/div>\n\t                <\/div>\n        \t\t<\/div>\n\t\t\t\t<\/div>\n\t\t\t\t<div class=\"elementor-element elementor-element-68114a5 elementor-widget elementor-widget-text-editor\" data-id=\"68114a5\" data-element_type=\"widget\" data-widget_type=\"text-editor.default\">\n\t\t\t\t<div class=\"elementor-widget-container\">\n\t\t\t\t\t\t\t<p>Um detaillierte Informationen \u00fcber unsere Gesundheitsdienste zu erhalten, k\u00f6nnen Sie das kostenlose Formular zur Haaranalyse ausf\u00fcllen. Wenn Sie weitere Fragen haben, k\u00f6nnen Sie uns jederzeit anrufen.<\/p>\t\t\t\t\t\t<\/div>\n\t\t\t\t<\/div>\n\t\t\t\t<div class=\"elementor-element elementor-element-2a84cfe7 elementor-widget elementor-widget-rs-dual-button\" data-id=\"2a84cfe7\" data-element_type=\"widget\" data-widget_type=\"rs-dual-button.default\">\n\t\t\t\t<div class=\"elementor-widget-container\">\n\t\t\t        <div class=\"rselement-dual-btn-wrapper\">\n            <a class=\"rselement-dual-btn rselement-dual-btn--left\" href=\"#\">\n                                                    <span >Download<\/span>\n                                            <\/a>\n                            <span class=\"rselement-dual-btn-connector rselement-dual-btn-connector--text\">\n                    oder                <\/span>\n                    <\/div>\n        <div class=\"rselement-dual-btn-wrapper\">\n            <a class=\"rselement-dual-btn rselement-dual-btn--right\" href=\"https:\/\/medisahaircenter.com\/de\/contact\/\">\n                                                    <span >Kontakt<\/span>\n                                            <\/a>\n        <\/div>\n        \t\t<\/div>\n\t\t\t\t<\/div>\n\t\t\t\t\t<\/div>\n\t\t<\/div>\n\t\t\t\t\t<\/div>\n\t\t<\/section>\n\t\t\t\t\t<\/div>\n\t\t<\/div>\n\t\t\t\t\t<\/div>\n\t\t<\/section>\n\t\t\t\t<\/div>\n\t\t","protected":false},"excerpt":{"rendered":"<p>Computer-Haaranalyse Die computergest\u00fctzte Haaranalyse (Trichoscan) ist eine einfache, nicht-invasive und wiederholbare Methode zur Haarverfolgung. Mit computergest\u00fctzter Haaranalyse, kann die Art des Haarausfalls bestimmt werden. Der Grad des Haarausfalls kann gemessen werden. Der Grad des Haarausfalls kann gemessen und die Haardichte berechnet werden. Kontaktieren Sie unsere Gesundheitsexperten. +90547 295 55 55 Brosch\u00fcre herunterladen Um detaillierte Informationen&#8230;<\/p>\n","protected":false},"author":1,"featured_media":0,"parent":0,"menu_order":0,"comment_status":"closed","ping_status":"closed","template":"","meta":{"inline_featured_image":false,"footnotes":""},"class_list":["post-30693","page","type-page","status-publish","hentry"],"yoast_head":"<!-- This site is optimized with the Yoast SEO plugin v19.8 - https:\/\/yoast.com\/wordpress\/plugins\/seo\/ -->\n<title>Computerized Hair Analysis - Medisa Hair Center<\/title>\n<meta name=\"robots\" content=\"index, follow, max-snippet:-1, max-image-preview:large, max-video-preview:-1\" \/>\n<link rel=\"canonical\" href=\"https:\/\/medisahaircenter.com\/de\/computerized-hair-analysis\/\" \/>\n<meta property=\"og:locale\" content=\"de_DE\" \/>\n<meta property=\"og:type\" content=\"article\" \/>\n<meta property=\"og:title\" content=\"Computerized Hair Analysis - Medisa Hair Center\" \/>\n<meta property=\"og:description\" content=\"Computer-Haaranalyse Die computergest\u00fctzte Haaranalyse (Trichoscan) ist eine einfache, nicht-invasive und wiederholbare Methode zur Haarverfolgung. Mit computergest\u00fctzter Haaranalyse, kann die Art des Haarausfalls bestimmt werden. Der Grad des Haarausfalls kann gemessen werden. Der Grad des Haarausfalls kann gemessen und die Haardichte berechnet werden. Kontaktieren Sie unsere Gesundheitsexperten. +90547 295 55 55 Brosch\u00fcre herunterladen Um detaillierte Informationen...\" \/>\n<meta property=\"og:url\" content=\"https:\/\/medisahaircenter.com\/de\/computerized-hair-analysis\/\" \/>\n<meta property=\"og:site_name\" content=\"Medisa Hair Center\" \/>\n<meta property=\"article:publisher\" content=\"https:\/\/facebook.com\/medisahaircenter\/\" \/>\n<meta property=\"article:modified_time\" content=\"2025-11-09T18:53:10+00:00\" \/>\n<meta property=\"og:image\" content=\"https:\/\/medisahaircenter.com\/wp-content\/uploads\/2022\/05\/bilgisayarli-sac-analizi.jpg\" \/>\n<meta name=\"twitter:card\" content=\"summary_large_image\" \/>\n<meta name=\"twitter:label1\" content=\"Gesch\u00e4tzte Lesezeit\" \/>\n\t<meta name=\"twitter:data1\" content=\"1\u00a0Minute\" \/>\n<script type=\"application\/ld+json\" class=\"yoast-schema-graph\">{\"@context\":\"https:\/\/schema.org\",\"@graph\":[{\"@type\":\"WebPage\",\"@id\":\"https:\/\/medisahaircenter.com\/de\/computerized-hair-analysis\/\",\"url\":\"https:\/\/medisahaircenter.com\/de\/computerized-hair-analysis\/\",\"name\":\"Computerized Hair Analysis - Medisa Hair Center\",\"isPartOf\":{\"@id\":\"https:\/\/medisahaircenter.com\/de\/#website\"},\"datePublished\":\"2022-05-08T20:03:00+00:00\",\"dateModified\":\"2025-11-09T18:53:10+00:00\",\"breadcrumb\":{\"@id\":\"https:\/\/medisahaircenter.com\/de\/computerized-hair-analysis\/#breadcrumb\"},\"inLanguage\":\"de\",\"potentialAction\":[{\"@type\":\"ReadAction\",\"target\":[\"https:\/\/medisahaircenter.com\/de\/computerized-hair-analysis\/\"]}]},{\"@type\":\"BreadcrumbList\",\"@id\":\"https:\/\/medisahaircenter.com\/de\/computerized-hair-analysis\/#breadcrumb\",\"itemListElement\":[{\"@type\":\"ListItem\",\"position\":1,\"name\":\"Anasayfa\",\"item\":\"https:\/\/medisahaircenter.com\/de\/\"},{\"@type\":\"ListItem\",\"position\":2,\"name\":\"Computerized Hair Analysis\"}]},{\"@type\":\"WebSite\",\"@id\":\"https:\/\/medisahaircenter.com\/de\/#website\",\"url\":\"https:\/\/medisahaircenter.com\/de\/\",\"name\":\"Medisa Hair Center\",\"description\":\"\",\"publisher\":{\"@id\":\"https:\/\/medisahaircenter.com\/de\/#organization\"},\"potentialAction\":[{\"@type\":\"SearchAction\",\"target\":{\"@type\":\"EntryPoint\",\"urlTemplate\":\"https:\/\/medisahaircenter.com\/de\/?s={search_term_string}\"},\"query-input\":\"required name=search_term_string\"}],\"inLanguage\":\"de\"},{\"@type\":\"Organization\",\"@id\":\"https:\/\/medisahaircenter.com\/de\/#organization\",\"name\":\"Medisa Hair Center\",\"url\":\"https:\/\/medisahaircenter.com\/de\/\",\"sameAs\":[\"https:\/\/www.instagram.com\/medisahaircenter\/\",\"https:\/\/facebook.com\/medisahaircenter\/\"],\"logo\":{\"@type\":\"ImageObject\",\"inLanguage\":\"de\",\"@id\":\"https:\/\/medisahaircenter.com\/de\/#\/schema\/logo\/image\/\",\"url\":\"https:\/\/medisahaircenter.com\/wp-content\/uploads\/2022\/05\/logo.png\",\"contentUrl\":\"https:\/\/medisahaircenter.com\/wp-content\/uploads\/2022\/05\/logo.png\",\"width\":419,\"height\":225,\"caption\":\"Medisa Hair Center\"},\"image\":{\"@id\":\"https:\/\/medisahaircenter.com\/de\/#\/schema\/logo\/image\/\"}}]}<\/script>\n<!-- \/ Yoast SEO plugin. -->","yoast_head_json":{"title":"Computerized Hair Analysis - Medisa Hair Center","robots":{"index":"index","follow":"follow","max-snippet":"max-snippet:-1","max-image-preview":"max-image-preview:large","max-video-preview":"max-video-preview:-1"},"canonical":"https:\/\/medisahaircenter.com\/de\/computerized-hair-analysis\/","og_locale":"de_DE","og_type":"article","og_title":"Computerized Hair Analysis - Medisa Hair Center","og_description":"Computer-Haaranalyse Die computergest\u00fctzte Haaranalyse (Trichoscan) ist eine einfache, nicht-invasive und wiederholbare Methode zur Haarverfolgung. Mit computergest\u00fctzter Haaranalyse, kann die Art des Haarausfalls bestimmt werden. Der Grad des Haarausfalls kann gemessen werden. Der Grad des Haarausfalls kann gemessen und die Haardichte berechnet werden. Kontaktieren Sie unsere Gesundheitsexperten. +90547 295 55 55 Brosch\u00fcre herunterladen Um detaillierte Informationen...","og_url":"https:\/\/medisahaircenter.com\/de\/computerized-hair-analysis\/","og_site_name":"Medisa Hair Center","article_publisher":"https:\/\/facebook.com\/medisahaircenter\/","article_modified_time":"2025-11-09T18:53:10+00:00","og_image":[{"url":"https:\/\/medisahaircenter.com\/wp-content\/uploads\/2022\/05\/bilgisayarli-sac-analizi.jpg"}],"twitter_card":"summary_large_image","twitter_misc":{"Gesch\u00e4tzte Lesezeit":"1\u00a0Minute"},"schema":{"@context":"https:\/\/schema.org","@graph":[{"@type":"WebPage","@id":"https:\/\/medisahaircenter.com\/de\/computerized-hair-analysis\/","url":"https:\/\/medisahaircenter.com\/de\/computerized-hair-analysis\/","name":"Computerized Hair Analysis - Medisa Hair Center","isPartOf":{"@id":"https:\/\/medisahaircenter.com\/de\/#website"},"datePublished":"2022-05-08T20:03:00+00:00","dateModified":"2025-11-09T18:53:10+00:00","breadcrumb":{"@id":"https:\/\/medisahaircenter.com\/de\/computerized-hair-analysis\/#breadcrumb"},"inLanguage":"de","potentialAction":[{"@type":"ReadAction","target":["https:\/\/medisahaircenter.com\/de\/computerized-hair-analysis\/"]}]},{"@type":"BreadcrumbList","@id":"https:\/\/medisahaircenter.com\/de\/computerized-hair-analysis\/#breadcrumb","itemListElement":[{"@type":"ListItem","position":1,"name":"Anasayfa","item":"https:\/\/medisahaircenter.com\/de\/"},{"@type":"ListItem","position":2,"name":"Computerized Hair Analysis"}]},{"@type":"WebSite","@id":"https:\/\/medisahaircenter.com\/de\/#website","url":"https:\/\/medisahaircenter.com\/de\/","name":"Medisa Hair Center","description":"","publisher":{"@id":"https:\/\/medisahaircenter.com\/de\/#organization"},"potentialAction":[{"@type":"SearchAction","target":{"@type":"EntryPoint","urlTemplate":"https:\/\/medisahaircenter.com\/de\/?s={search_term_string}"},"query-input":"required name=search_term_string"}],"inLanguage":"de"},{"@type":"Organization","@id":"https:\/\/medisahaircenter.com\/de\/#organization","name":"Medisa Hair Center","url":"https:\/\/medisahaircenter.com\/de\/","sameAs":["https:\/\/www.instagram.com\/medisahaircenter\/","https:\/\/facebook.com\/medisahaircenter\/"],"logo":{"@type":"ImageObject","inLanguage":"de","@id":"https:\/\/medisahaircenter.com\/de\/#\/schema\/logo\/image\/","url":"https:\/\/medisahaircenter.com\/wp-content\/uploads\/2022\/05\/logo.png","contentUrl":"https:\/\/medisahaircenter.com\/wp-content\/uploads\/2022\/05\/logo.png","width":419,"height":225,"caption":"Medisa Hair Center"},"image":{"@id":"https:\/\/medisahaircenter.com\/de\/#\/schema\/logo\/image\/"}}]}},"_links":{"self":[{"href":"https:\/\/medisahaircenter.com\/de\/wp-json\/wp\/v2\/pages\/30693","targetHints":{"allow":["GET"]}}],"collection":[{"href":"https:\/\/medisahaircenter.com\/de\/wp-json\/wp\/v2\/pages"}],"about":[{"href":"https:\/\/medisahaircenter.com\/de\/wp-json\/wp\/v2\/types\/page"}],"author":[{"embeddable":true,"href":"https:\/\/medisahaircenter.com\/de\/wp-json\/wp\/v2\/users\/1"}],"replies":[{"embeddable":true,"href":"https:\/\/medisahaircenter.com\/de\/wp-json\/wp\/v2\/comments?post=30693"}],"version-history":[{"count":20,"href":"https:\/\/medisahaircenter.com\/de\/wp-json\/wp\/v2\/pages\/30693\/revisions"}],"predecessor-version":[{"id":32828,"href":"https:\/\/medisahaircenter.com\/de\/wp-json\/wp\/v2\/pages\/30693\/revisions\/32828"}],"wp:attachment":[{"href":"https:\/\/medisahaircenter.com\/de\/wp-json\/wp\/v2\/media?parent=30693"}],"curies":[{"name":"wp","href":"https:\/\/api.w.org\/{rel}","templated":true}]}}